{"id":5981,"date":"2018-11-01T21:32:32","date_gmt":"2018-11-01T20:32:32","guid":{"rendered":"http:\/\/alexisreymond.com\/?page_id=5981"},"modified":"2019-04-24T12:08:18","modified_gmt":"2019-04-24T10:08:18","slug":"page-bienvenue","status":"publish","type":"page","link":"https:\/\/alexisreymond.com\/","title":{"rendered":"Page bienvenue"},"content":{"rendered":"[vc_row type=\u00a0\u00bbfull_width_content\u00a0\u00bb full_screen_row_position=\u00a0\u00bbmiddle\u00a0\u00bb equal_height=\u00a0\u00bbyes\u00a0\u00bb content_placement=\u00a0\u00bbmiddle\u00a0\u00bb bg_image=\u00a0\u00bb6264&Prime; bg_position=\u00a0\u00bbcenter center\u00a0\u00bb bg_repeat=\u00a0\u00bbno-repeat\u00a0\u00bb full_height=\u00a0\u00bbyes\u00a0\u00bb parallax_bg=\u00a0\u00bbtrue\u00a0\u00bb parallax_bg_speed=\u00a0\u00bbmedium\u00a0\u00bb bg_color=\u00a0\u00bb#000000&Prime; scene_position=\u00a0\u00bbcenter\u00a0\u00bb text_color=\u00a0\u00bblight\u00a0\u00bb text_align=\u00a0\u00bbleft\u00a0\u00bb top_padding=\u00a0\u00bb0%\u00a0\u00bb bottom_padding=\u00a0\u00bb8%\u00a0\u00bb color_overlay=\u00a0\u00bb#0a0a0a\u00a0\u00bb overlay_strength=\u00a0\u00bb0.5&Prime; shape_divider_position=\u00a0\u00bbbottom\u00a0\u00bb shape_type=\u00a0\u00bb\u00a0\u00bb][vc_column column_padding=\u00a0\u00bbno-extra-padding\u00a0\u00bb column_padding_position=\u00a0\u00bball\u00a0\u00bb background_color_opacity=\u00a0\u00bb1&Prime; background_hover_color_opacity=\u00a0\u00bb1&Prime; column_link_target=\u00a0\u00bb_self\u00a0\u00bb column_shadow=\u00a0\u00bbnone\u00a0\u00bb column_border_radius=\u00a0\u00bbnone\u00a0\u00bb width=\u00a0\u00bb1\/1&Prime; tablet_width_inherit=\u00a0\u00bbdefault\u00a0\u00bb tablet_text_alignment=\u00a0\u00bbdefault\u00a0\u00bb phone_text_alignment=\u00a0\u00bbdefault\u00a0\u00bb column_border_width=\u00a0\u00bbnone\u00a0\u00bb column_border_style=\u00a0\u00bbsolid\u00a0\u00bb][vc_row_inner column_margin=\u00a0\u00bbdefault\u00a0\u00bb text_align=\u00a0\u00bbcenter\u00a0\u00bb][vc_column_inner column_padding=\u00a0\u00bbno-extra-padding\u00a0\u00bb column_padding_position=\u00a0\u00bball\u00a0\u00bb background_color_opacity=\u00a0\u00bb1&Prime; background_hover_color_opacity=\u00a0\u00bb1&Prime; column_shadow=\u00a0\u00bbnone\u00a0\u00bb column_border_radius=\u00a0\u00bbnone\u00a0\u00bb column_link_target=\u00a0\u00bb_self\u00a0\u00bb width=\u00a0\u00bb1\/3&Prime; tablet_width_inherit=\u00a0\u00bbdefault\u00a0\u00bb column_border_width=\u00a0\u00bbnone\u00a0\u00bb column_border_style=\u00a0\u00bbsolid\u00a0\u00bb][\/vc_column_inner][vc_column_inner column_padding=\u00a0\u00bbno-extra-padding\u00a0\u00bb column_padding_position=\u00a0\u00bball\u00a0\u00bb background_color_opacity=\u00a0\u00bb1&Prime; background_hover_color_opacity=\u00a0\u00bb1&Prime; column_shadow=\u00a0\u00bbnone\u00a0\u00bb column_border_radius=\u00a0\u00bbnone\u00a0\u00bb column_link_target=\u00a0\u00bb_self\u00a0\u00bb width=\u00a0\u00bb1\/3&Prime; tablet_width_inherit=\u00a0\u00bbdefault\u00a0\u00bb column_border_width=\u00a0\u00bbnone\u00a0\u00bb column_border_style=\u00a0\u00bbsolid\u00a0\u00bb][vc_column_text css_animation=\u00a0\u00bbslideInDown\u00a0\u00bb]\n<h1><em>DAWA\u00cf !<\/em><\/h1>\n[\/vc_column_text][\/vc_column_inner][vc_column_inner column_padding=\u00a0\u00bbno-extra-padding\u00a0\u00bb column_padding_position=\u00a0\u00bball\u00a0\u00bb background_color_opacity=\u00a0\u00bb1&Prime; background_hover_color_opacity=\u00a0\u00bb1&Prime; column_shadow=\u00a0\u00bbnone\u00a0\u00bb column_border_radius=\u00a0\u00bbnone\u00a0\u00bb column_link_target=\u00a0\u00bb_self\u00a0\u00bb width=\u00a0\u00bb1\/3&Prime; tablet_width_inherit=\u00a0\u00bbdefault\u00a0\u00bb column_border_width=\u00a0\u00bbnone\u00a0\u00bb column_border_style=\u00a0\u00bbsolid\u00a0\u00bb][\/vc_column_inner][\/vc_row_inner][vc_row_inner column_margin=\u00a0\u00bbdefault\u00a0\u00bb text_align=\u00a0\u00bbcenter\u00a0\u00bb][vc_column_inner column_padding=\u00a0\u00bbno-extra-padding\u00a0\u00bb column_padding_position=\u00a0\u00bball\u00a0\u00bb background_color_opacity=\u00a0\u00bb1&Prime; background_hover_color_opacity=\u00a0\u00bb1&Prime; column_shadow=\u00a0\u00bbnone\u00a0\u00bb column_border_radius=\u00a0\u00bbnone\u00a0\u00bb column_link_target=\u00a0\u00bb_self\u00a0\u00bb width=\u00a0\u00bb1\/3&Prime; tablet_width_inherit=\u00a0\u00bbdefault\u00a0\u00bb column_border_width=\u00a0\u00bbnone\u00a0\u00bb column_border_style=\u00a0\u00bbsolid\u00a0\u00bb][\/vc_column_inner][vc_column_inner column_padding=\u00a0\u00bbno-extra-padding\u00a0\u00bb column_padding_position=\u00a0\u00bball\u00a0\u00bb background_color_opacity=\u00a0\u00bb1&Prime; background_hover_color_opacity=\u00a0\u00bb1&Prime; column_shadow=\u00a0\u00bbnone\u00a0\u00bb column_border_radius=\u00a0\u00bbnone\u00a0\u00bb column_link_target=\u00a0\u00bb_self\u00a0\u00bb width=\u00a0\u00bb1\/3&Prime; tablet_width_inherit=\u00a0\u00bbdefault\u00a0\u00bb column_border_width=\u00a0\u00bbnone\u00a0\u00bb column_border_style=\u00a0\u00bbsolid\u00a0\u00bb][vc_custom_heading text=\u00a0\u00bb10.2017&Prime; font_container=\u00a0\u00bbtag:h3|font_size:24|text_align:center|line_height:38px\u00a0\u00bb google_fonts=\u00a0\u00bbfont_family:Roboto%3A100%2C100italic%2C300%2C300italic%2Cregular%2Citalic%2C500%2C500italic%2C700%2C700italic%2C900%2C900italic|font_style:400%20regular%3A400%3Anormal\u00a0\u00bb css_animation=\u00a0\u00bbslideInUp\u00a0\u00bb][\/vc_column_inner][vc_column_inner column_padding=\u00a0\u00bbno-extra-padding\u00a0\u00bb column_padding_position=\u00a0\u00bball\u00a0\u00bb background_color_opacity=\u00a0\u00bb1&Prime; background_hover_color_opacity=\u00a0\u00bb1&Prime; column_shadow=\u00a0\u00bbnone\u00a0\u00bb column_border_radius=\u00a0\u00bbnone\u00a0\u00bb column_link_target=\u00a0\u00bb_self\u00a0\u00bb width=\u00a0\u00bb1\/3&Prime; tablet_width_inherit=\u00a0\u00bbdefault\u00a0\u00bb column_border_width=\u00a0\u00bbnone\u00a0\u00bb column_border_style=\u00a0\u00bbsolid\u00a0\u00bb][\/vc_column_inner][\/vc_row_inner][\/vc_column][\/vc_row][vc_row type=\u00a0\u00bbfull_width_content\u00a0\u00bb full_screen_row_position=\u00a0\u00bbmiddle\u00a0\u00bb scene_position=\u00a0\u00bbcenter\u00a0\u00bb text_color=\u00a0\u00bbdark\u00a0\u00bb text_align=\u00a0\u00bbleft\u00a0\u00bb top_padding=\u00a0\u00bb0&Prime; overlay_strength=\u00a0\u00bb0.3&Prime; shape_divider_position=\u00a0\u00bbbottom\u00a0\u00bb shape_type=\u00a0\u00bb\u00a0\u00bb][vc_column column_padding=\u00a0\u00bbno-extra-padding\u00a0\u00bb column_padding_position=\u00a0\u00bball\u00a0\u00bb background_color_opacity=\u00a0\u00bb1&Prime; background_hover_color_opacity=\u00a0\u00bb1&Prime; column_link_target=\u00a0\u00bb_self\u00a0\u00bb column_shadow=\u00a0\u00bbnone\u00a0\u00bb column_border_radius=\u00a0\u00bbnone\u00a0\u00bb width=\u00a0\u00bb1\/1&Prime; tablet_width_inherit=\u00a0\u00bbdefault\u00a0\u00bb tablet_text_alignment=\u00a0\u00bbdefault\u00a0\u00bb phone_text_alignment=\u00a0\u00bbdefault\u00a0\u00bb column_border_width=\u00a0\u00bbnone\u00a0\u00bb column_border_style=\u00a0\u00bbsolid\u00a0\u00bb][vc_video link=\u00a0\u00bbhttps:\/\/www.youtube.com\/watch?v=QmGe0YgGpDU\u00a0\u00bb][\/vc_column][\/vc_row][vc_row type=\u00a0\u00bbfull_width_background\u00a0\u00bb full_screen_row_position=\u00a0\u00bbmiddle\u00a0\u00bb equal_height=\u00a0\u00bbyes\u00a0\u00bb content_placement=\u00a0\u00bbmiddle\u00a0\u00bb full_height=\u00a0\u00bbyes\u00a0\u00bb bg_color=\u00a0\u00bb#000000&Prime; scene_position=\u00a0\u00bbcenter\u00a0\u00bb text_color=\u00a0\u00bbdark\u00a0\u00bb text_align=\u00a0\u00bbleft\u00a0\u00bb top_padding=\u00a0\u00bb100&Prime; bottom_padding=\u00a0\u00bb100&Prime; overlay_strength=\u00a0\u00bb0.3&Prime; shape_divider_position=\u00a0\u00bbbottom\u00a0\u00bb shape_type=\u00a0\u00bb\u00a0\u00bb][vc_column column_padding=\u00a0\u00bbno-extra-padding\u00a0\u00bb column_padding_position=\u00a0\u00bball\u00a0\u00bb background_color_opacity=\u00a0\u00bb1&Prime; background_hover_color_opacity=\u00a0\u00bb1&Prime; column_link_target=\u00a0\u00bb_self\u00a0\u00bb column_shadow=\u00a0\u00bbnone\u00a0\u00bb column_border_radius=\u00a0\u00bbnone\u00a0\u00bb width=\u00a0\u00bb1\/1&Prime; tablet_width_inherit=\u00a0\u00bbdefault\u00a0\u00bb tablet_text_alignment=\u00a0\u00bbdefault\u00a0\u00bb phone_text_alignment=\u00a0\u00bbdefault\u00a0\u00bb column_border_width=\u00a0\u00bbnone\u00a0\u00bb column_border_style=\u00a0\u00bbsolid\u00a0\u00bb][nectar_image_with_hotspots image=\u00a0\u00bb6017&Prime; preview=\u00a0\u00bbhttps:\/\/alexisreymond.com\/wp-content\/uploads\/2018\/11\/CARTESITEV5-1.png\u00a0\u00bb color_1=\u00a0\u00bbAccent-Color\u00a0\u00bb hotspot_icon=\u00a0\u00bbnumerical\u00a0\u00bb tooltip=\u00a0\u00bbclick\u00a0\u00bb tooltip_shadow=\u00a0\u00bbnone\u00a0\u00bb][nectar_hotspot left=\u00a0\u00bb90.022%\u00a0\u00bb top=\u00a0\u00bb90.9502%\u00a0\u00bb position=\u00a0\u00bbtop\u00a0\u00bb]<a href=\"\/index.php\/galerie-1-vladivostok\/\"> 08.10.2017. Vladivostok. D\u00e9but de l&rsquo;aventure. Carrefour maritime important entre la mer du Japon et le fleuve Oussouri, entre les deux Cor\u00e9es et la Chine, la ville prise en \u00e9tau, semble elle aussi \u00e9tonn\u00e9e de figurer a\u0300 cet endroit. Une \u00e9nigme russe, qui se d\u00e9veloppe au galop dans un brouillard pr\u00e9sent pr\u00e8s de cent jours par an. Clic pour acc\u00e9der \u00e0 la galerie. <\/a>[\/nectar_hotspot][nectar_hotspot left=\u00a0\u00bb87.2265%\u00a0\u00bb top=\u00a0\u00bb77.1732%\u00a0\u00bb position=\u00a0\u00bbtop\u00a0\u00bb]<a href=\"\/index.php\/galerie-2-khabarovsk\/\"> 11.10.2017. Kabarosvk est la plus grande ville de l\u2019Extre\u0302me-Orient russe, devant Vladivostok. Elle porte dignement le nom de son explorateur : Ierofei\u0308 Khabarov. A\u0300 la vue du soleil qui de\u0301croi\u0302t sur l\u2019horizon, je re\u0301alise enfin que je m\u2019enfonce dans les abi\u0302mes de la Russie en laissant derrie\u0300re moi l\u2019iode fioule\u0301e de Vladivostok. Clic pour acc\u00e9der \u00e0 la galerie. <\/a>[\/nectar_hotspot][nectar_hotspot left=\u00a0\u00bb87.8337%\u00a0\u00bb top=\u00a0\u00bb72.2403%\u00a0\u00bb position=\u00a0\u00bbtop\u00a0\u00bb]<a href=\"\/index.php\/galerie-3-komsomolsk-sur-lamour\/\"> 13.10.2017. Komsomolsk-sur-l&rsquo;Amour se re\u0301veille sous une grande vou\u0302te bleu, encore vierge, que les Soukhoi\u0308 ne tarderont pas a\u0300 de\u0301florer. La ville ne semble pas presse\u0301e de passer aux voitures japonaises. Lada, ZIL, GAZ, l\u2019ensemble des marques de l\u2019ex-Union sovie\u0301tique remuent dans les rues. Quelques nostalgiques, tre\u0300s peu, et une majorite\u0301 d\u2019habitants roulent encore avec ces caisses qui re\u0301sistent a\u0300 la rouille des anne\u0301es. A\u0300 croire que la campagne, me\u0302me si le mot est inapproprie\u0301 pour de\u0301crire ces immensite\u0301s sauvages, demeure l\u2019ultime garage de ces vestiges communistes. Clic pour acc\u00e9der \u00e0 la galerie. <\/a>[\/nectar_hotspot][nectar_hotspot left=\u00a0\u00bb74.5298%\u00a0\u00bb top=\u00a0\u00bb72.7641%\u00a0\u00bb position=\u00a0\u00bbtop\u00a0\u00bb]<a href=\"\/index.php\/galerie-4-tynda\/\"> 16.10.2017. Tynda est comme la plupart des villages que l\u2019on croise sur la ligne une petite cite\u0301e construite pendant les travaux du BAM. Ville-champignon ou\u0300 rien ne pousse, elle a he\u0301berge\u0301 dans ses murs pre\u0300s de soixante mille travailleurs a\u0300 la fin des anne\u0301es quatre-vingt pour chuter a\u0300 trente-cinq mille en 2014. Clic pour acc\u00e9der \u00e0 la galerie. <\/a>[\/nectar_hotspot][nectar_hotspot left=\u00a0\u00bb63.5829%\u00a0\u00bb top=\u00a0\u00bb77.4465%\u00a0\u00bb position=\u00a0\u00bbtop\u00a0\u00bb]<a href=\"\/index.php\/galerie-5-severobaikalsk\/\"> 19.10.2017. Severoba\u00efkalsk. Je descends a\u0300 la gare, pointe la plus au nord du lac. Escale plus que me\u0301rite\u0301e pour fla\u0302ner et de\u0301couvrir la plus grande re\u0301serve d\u2019eau douce au monde. Je resterai quelques jours avant de poursuivre a\u0300 l\u2019ouest rejoindre Iekaterinbourg puis Moscou, mon terminus. Voici plus de trois jours et demi que je n\u2019ai pas gambade\u0301 sur le bitume et la terre ferme. Quel bonheur de sortir. Je suis avide de visiter autre chose que les soixante me\u0300tres carre\u0301s de wagons qui me transportaient jusqu\u2019a\u0300 maintenant. Clic pour acc\u00e9der \u00e0 la galerie. <\/a>[\/nectar_hotspot][nectar_hotspot left=\u00a0\u00bb62.723%\u00a0\u00bb top=\u00a0\u00bb80.6029%\u00a0\u00bb position=\u00a0\u00bbtop\u00a0\u00bb]<a href=\"\/index.php\/galerie-6-baikalskoe\/\"> 20.10.2017. Bai\u0308kalskoe est un minuscule village de pe\u0302cheurs, ba\u0302ti principalement d\u2019isbas bariole\u0301es et de clo\u0302tures en bois. La seule architecture notable est l\u2019e\u0301glise qui tro\u0302ne en bonne place, dominant la gre\u0300ve. Fie\u0300re, avec ses deux do\u0302mes bleus e\u0301clatants, tout a\u0300 co\u0302te\u0301 d\u2019elle semble terne. Seule une succession de cabanes colore\u0301es au charme certain la concurrence ; de celles-ci jaillissent des cris de chiens excite\u0301s au-dessus des palissades. Le village est presque vide. Seuls, un ou deux side-cars pe\u0301taradent au coin de la rue avec a\u0300 leur guidon un ou deux hommes transportant des ferrailles. Clic pour acc\u00e9der \u00e0 la galerie. <\/a>[\/nectar_hotspot][nectar_hotspot left=\u00a0\u00bb44.804%\u00a0\u00bb top=\u00a0\u00bb81.5952%\u00a0\u00bb position=\u00a0\u00bbtop\u00a0\u00bb]<a href=\"\/index.php\/galerie-7-krasnoiarsk\/\"> 23.10.2017. Krasnoi\u0308arsk. En ce matin de de\u0301part, le thermome\u0300tre indique vingt degre\u0301s au-dessous de ze\u0301ro. C\u0327a y est, sous les cris incessants des omouls qui me prient de rester, je quitte la pointe du lac pour poursuivre ma route a\u0300 l\u2019ouest. Krasnoi\u0308arsk d\u2019abord, Iekaterinbourg ensuite et Moscou en fin. Et le train, toujours le train qui me\u0301prise les distances. Clic pour acc\u00e9der \u00e0 la galerie. <\/a>[\/nectar_hotspot][nectar_hotspot left=\u00a0\u00bb29.7387%\u00a0\u00bb top=\u00a0\u00bb73.8052%\u00a0\u00bb position=\u00a0\u00bbtop\u00a0\u00bb]<a href=\"\/index.php\/galerie-8-iekaterinbourg\/\"> 24.10.2017. Iekaterinbourg. La quatrie\u0300me ville du pays, avec sa population qui de\u0301passe le million, reste ce\u0301le\u0300bre pour avoir e\u0301te\u0301 le the\u0301a\u0302tre d\u2019exe\u0301cution de Nicolas II et de sa famille en 1918. Iekaterinbourg fut e\u0301galement le berceau du tre\u0300s controverse\u0301 Boris Eltsine, pre\u0301sident de la Russie de 1991 a\u0300 1999. Eltsine repre\u0301sente cette douloureuse pe\u0301riode de corruption post-URSS, ou\u0300 les re\u0300glements de compte des gangs remplissaient doucement les cimetie\u0300res de la ville. Clic pour acc\u00e9der \u00e0 la galerie. <\/a>[\/nectar_hotspot][nectar_hotspot left=\u00a0\u00bb17.6557%\u00a0\u00bb top=\u00a0\u00bb66.7424%\u00a0\u00bb position=\u00a0\u00bbtop\u00a0\u00bb]<a href=\"\/index.php\/galerie-9-saransk\/\"> 28.10.2017. Saransk. Apr\u00e8s un d\u00e9tour \u00e0 Kazan, capitale de la r\u00e9publique du Tatarstan, une des subdivisions de la Russie, je regagne Moscou. Un peu par hasard et sans repasser par la case d\u00e9part j&rsquo;arrive \u00e0 Saransk le temps d&rsquo;une correspondance. Clic pour acc\u00e9der \u00e0 la galerie. <\/a>[\/nectar_hotspot][nectar_hotspot left=\u00a0\u00bb10.2832%\u00a0\u00bb top=\u00a0\u00bb57.7851%\u00a0\u00bb position=\u00a0\u00bbtop\u00a0\u00bb]<a href=\"\/index.php\/galerie-10-moscou\/\"> 29.10.2017. Moscou\u2026Temps de m\u2019e\u0301merveiller devant la cathe\u0301drale Saint-Basile-le-Bienheureux et ses coupoles bigarre\u0301es. Temps de photographier les chiennes Belka et Strelka naturalise\u0301es au muse\u0301e de l\u2019espace a\u0300 Moscou. Temps de fla\u0302ner dans la galerie Tretiakov. Temps d\u2019arpenter les rues pluvieuses du Kremlin. Temps de reluquer les souvenirs sovie\u0301tiques rue Bolshaya Dmitrovka. Temps de regarder la Moskova charger ses eaux boueuses. Temps de quitter la Russie avant l\u2019hiver. Clic pour acc\u00e9der \u00e0 la galerie. <\/a>[\/nectar_hotspot][\/nectar_image_with_hotspots][\/vc_column][\/vc_row][vc_row type=\u00a0\u00bbin_container\u00a0\u00bb full_screen_row_position=\u00a0\u00bbmiddle\u00a0\u00bb bg_color=\u00a0\u00bb#000000&Prime; scene_position=\u00a0\u00bbcenter\u00a0\u00bb text_color=\u00a0\u00bbdark\u00a0\u00bb text_align=\u00a0\u00bbleft\u00a0\u00bb top_padding=\u00a0\u00bb100&Prime; bottom_padding=\u00a0\u00bb50&Prime; overlay_strength=\u00a0\u00bb0.3&Prime; shape_divider_position=\u00a0\u00bbbottom\u00a0\u00bb shape_type=\u00a0\u00bb\u00a0\u00bb][vc_column column_padding=\u00a0\u00bbno-extra-padding\u00a0\u00bb column_padding_position=\u00a0\u00bball\u00a0\u00bb background_color_opacity=\u00a0\u00bb1&Prime; background_hover_color_opacity=\u00a0\u00bb1&Prime; column_link_target=\u00a0\u00bb_self\u00a0\u00bb column_shadow=\u00a0\u00bbnone\u00a0\u00bb column_border_radius=\u00a0\u00bbnone\u00a0\u00bb width=\u00a0\u00bb1\/1&Prime; tablet_width_inherit=\u00a0\u00bbdefault\u00a0\u00bb tablet_text_alignment=\u00a0\u00bbdefault\u00a0\u00bb phone_text_alignment=\u00a0\u00bbdefault\u00a0\u00bb column_border_width=\u00a0\u00bbnone\u00a0\u00bb column_border_style=\u00a0\u00bbsolid\u00a0\u00bb][split_line_heading]\n<h1>\u00e0 propos<\/h1>\n[\/split_line_heading][\/vc_column][\/vc_row][vc_row type=\u00a0\u00bbin_container\u00a0\u00bb full_screen_row_position=\u00a0\u00bbmiddle\u00a0\u00bb bg_color=\u00a0\u00bb#000000&Prime; scene_position=\u00a0\u00bbcenter\u00a0\u00bb text_color=\u00a0\u00bbdark\u00a0\u00bb text_align=\u00a0\u00bbleft\u00a0\u00bb bottom_padding=\u00a0\u00bb100&Prime; overlay_strength=\u00a0\u00bb0.3&Prime; shape_divider_position=\u00a0\u00bbbottom\u00a0\u00bb shape_type=\u00a0\u00bb\u00a0\u00bb][vc_column column_padding=\u00a0\u00bbno-extra-padding\u00a0\u00bb column_padding_position=\u00a0\u00bball\u00a0\u00bb background_color_opacity=\u00a0\u00bb1&Prime; background_hover_color_opacity=\u00a0\u00bb1&Prime; column_link_target=\u00a0\u00bb_self\u00a0\u00bb column_shadow=\u00a0\u00bbnone\u00a0\u00bb column_border_radius=\u00a0\u00bbnone\u00a0\u00bb width=\u00a0\u00bb1\/1&Prime; tablet_width_inherit=\u00a0\u00bbdefault\u00a0\u00bb tablet_text_alignment=\u00a0\u00bbdefault\u00a0\u00bb phone_text_alignment=\u00a0\u00bbdefault\u00a0\u00bb column_border_width=\u00a0\u00bbnone\u00a0\u00bb column_border_style=\u00a0\u00bbsolid\u00a0\u00bb][split_line_heading]<em>Est-ce la fascination b\u00eata pour les v\u00e9hicules sovi\u00e9tiques mal-aim\u00e9s ? Est-ce une curiosit\u00e9 pour ces immensit\u00e9s de ta\u00efga et de steppes ? Est-ce les deux facettes d\u2019attraction et de r\u00e9pulsion que ce pays entretient ? Ou encore, est-ce le d\u00e9sir profond de parcourir ce territoire-continent un appareil photo et un carnet \u00e0 la main ? Je ne saurais r\u00e9pondre encore aujourd&rsquo;hui, mais plusieurs de ces questions ont motiv\u00e9 ce voyage dans la f\u00e9d\u00e9ration de Russie \u00e0 la fin de l&rsquo;automne. Aux portes de l&rsquo;hiver. J&rsquo;ai toujours \u00e9prouv\u00e9 une curiosit\u00e9 pour l&rsquo;histoire de l&rsquo;URSS et les \u00e9v\u00e9nements historiques qui ont pr\u00e9cipit\u00e9 ce pays dans le communisme. Terreau d&rsquo;un grand laboratoire industriel et social \u00e0 l&rsquo;\u00e9chelle d&rsquo;un empire guid\u00e9 par la seule d\u00e9mesure des projets de ses dirigeants. Ennemi jur\u00e9 des \u00c9tats-Unis, la superpuissance sovi\u00e9tique \u00e9clat\u00e9e reste encore myst\u00e9rieuse et farouche. En empruntant un chemin qui d\u00e9buta \u00e0 Vladivostok, aux confins de l&rsquo;Extr\u00eame-Orient russe, pour relier la capitale Moscou, 9 200 km \u00e0 l&rsquo;ouest, je suis parti \u00e0 la recherche des traces et murmures de l&rsquo;Ancien R\u00e9gime au travers de ces v\u00e9hicules encore en circulation. Je n&rsquo;ai pas \u00e9vit\u00e9 les petits mus\u00e9es, mais l&rsquo;essentiel de mes observations a \u00e9t\u00e9 glan\u00e9 \u00e0 l&rsquo;\u00e9cart des grandes places, dans les villages recul\u00e9s de l\u2019Ouest Pacifique, de la Sib\u00e9rie, pr\u00e8s du lac Ba\u00efkal ou encore au bord de la route de l&rsquo;Oural. Quels sont les vestiges roulants et les fant\u00f4mes automobiles qui stationnent encore au pied des immeubles khrouchtch\u00e9viens ? Comment s\u2019est organis\u00e9e la mobilit\u00e9 et quels sont les liens formels qu\u2019entretiennent ces v\u00e9hicules avec leur terrain de jeu ? C&rsquo;est ce paysage v\u00e9hiculaire r\u00e9volu que j&rsquo;ai recherch\u00e9, observ\u00e9 et photographi\u00e9 arpentant les ruelles de Severoba\u00efkalsk, les parkings de Khabarovsk ou encore la banlieue de Tynda. Au fil des rencontres avec des Russes en transit, des journ\u00e9es de train interminables, ce carnet de route croise relev\u00e9s photographiques, r\u00e9cit de voyage et r\u00e9flexions sur le futur de la mobilit\u00e9 \u00e0 partir de ces murmures sovi\u00e9tiques en circulation ou en complet abandon. Dawa\u00ef !<\/em><\/p>\n<p>&nbsp;<\/p>\n<p>Dawai\u0308 : mot russe aux sens nombreux. Il signifie \u00ab bye \u00bb; \u00ab fais-le \u00bb; \u00ab tre\u0300s bien \u00bb; \u00ab d\u2019accord \u00bb ; \u00ab come on ! \u00bb. Il peut-e\u0302tre utilise\u0301 pour de multiples situations, j\u2019en retiendrai une. Un ve\u0301hicule a\u0300 l\u2019arre\u0302t, le moteur ronflant, un Russe au volant qui vous he\u0300le \u00ab Dawai\u0308 ! \u00bb, invitation a\u0300 prendre place a\u0300 ses co\u0302te\u0301s avant de filer a\u0300 toute allure.[\/split_line_heading][\/vc_column][\/vc_row][vc_row type=\u00a0\u00bbin_container\u00a0\u00bb full_screen_row_position=\u00a0\u00bbmiddle\u00a0\u00bb bg_color=\u00a0\u00bb#000000&Prime; scene_position=\u00a0\u00bbcenter\u00a0\u00bb text_color=\u00a0\u00bbdark\u00a0\u00bb text_align=\u00a0\u00bbleft\u00a0\u00bb bottom_padding=\u00a0\u00bb100&Prime; overlay_strength=\u00a0\u00bb0.3&Prime; shape_divider_position=\u00a0\u00bbbottom\u00a0\u00bb shape_type=\u00a0\u00bb\u00a0\u00bb][vc_column column_padding=\u00a0\u00bbno-extra-padding\u00a0\u00bb column_padding_position=\u00a0\u00bball\u00a0\u00bb background_color_opacity=\u00a0\u00bb1&Prime; background_hover_color_opacity=\u00a0\u00bb1&Prime; column_link_target=\u00a0\u00bb_self\u00a0\u00bb column_shadow=\u00a0\u00bbnone\u00a0\u00bb column_border_radius=\u00a0\u00bbnone\u00a0\u00bb width=\u00a0\u00bb1\/1&Prime; tablet_width_inherit=\u00a0\u00bbdefault\u00a0\u00bb tablet_text_alignment=\u00a0\u00bbdefault\u00a0\u00bb phone_text_alignment=\u00a0\u00bbdefault\u00a0\u00bb column_border_width=\u00a0\u00bbnone\u00a0\u00bb column_border_style=\u00a0\u00bbsolid\u00a0\u00bb][nectar_btn size=\u00a0\u00bblarge\u00a0\u00bb button_style=\u00a0\u00bbsee-through-3&Prime; color_override=\u00a0\u00bb#ffffff\u00a0\u00bb hover_color_override=\u00a0\u00bb#dd3333&Prime; hover_text_color_override=\u00a0\u00bb#ffffff\u00a0\u00bb icon_family=\u00a0\u00bbnone\u00a0\u00bb text=\u00a0\u00bbm\u00e9moire\u00a0\u00bb css_animation=\u00a0\u00bbfadeIn\u00a0\u00bb url=\u00a0\u00bbhttps:\/\/alexisreymond.com\/index.php\/memoire\/\u00a0\u00bb][nectar_btn size=\u00a0\u00bblarge\u00a0\u00bb button_style=\u00a0\u00bbsee-through-3&Prime; color_override=\u00a0\u00bb#ffffff\u00a0\u00bb hover_color_override=\u00a0\u00bb#dd3333&Prime; hover_text_color_override=\u00a0\u00bb#ffffff\u00a0\u00bb icon_family=\u00a0\u00bbnone\u00a0\u00bb text=\u00a0\u00bbinventaire\u00a0\u00bb css_animation=\u00a0\u00bbfadeIn\u00a0\u00bb url=\u00a0\u00bbhttps:\/\/alexisreymond.com\/index.php\/inventaire\/\u00a0\u00bb margin_left=\u00a0\u00bb20&Prime;][nectar_btn size=\u00a0\u00bblarge\u00a0\u00bb button_style=\u00a0\u00bbsee-through-3&Prime; color_override=\u00a0\u00bb#ffffff\u00a0\u00bb hover_color_override=\u00a0\u00bb#dd3333&Prime; hover_text_color_override=\u00a0\u00bb#ffffff\u00a0\u00bb icon_family=\u00a0\u00bbnone\u00a0\u00bb text=\u00a0\u00bbremerciements\u00a0\u00bb css_animation=\u00a0\u00bbfadeIn\u00a0\u00bb margin_left=\u00a0\u00bb20&Prime; url=\u00a0\u00bbhttps:\/\/alexisreymond.com\/index.php\/remerciements\/\u00a0\u00bb][nectar_btn size=\u00a0\u00bblarge\u00a0\u00bb button_style=\u00a0\u00bbsee-through-3&Prime; color_override=\u00a0\u00bb#ffffff\u00a0\u00bb hover_color_override=\u00a0\u00bb#dd3333&Prime; hover_text_color_override=\u00a0\u00bb#ffffff\u00a0\u00bb icon_family=\u00a0\u00bbnone\u00a0\u00bb text=\u00a0\u00bbcontact\u00a0\u00bb css_animation=\u00a0\u00bbfadeIn\u00a0\u00bb margin_left=\u00a0\u00bb20&Prime; url=\u00a0\u00bbhttps:\/\/alexisreymond.com\/index.php\/contact\/\u00a0\u00bb][\/vc_column][\/vc_row]\n","protected":false},"excerpt":{"rendered":"<p>[vc_row type=\u00a0\u00bbfull_width_content\u00a0\u00bb full_screen_row_position=\u00a0\u00bbmiddle\u00a0\u00bb equal_height=\u00a0\u00bbyes\u00a0\u00bb content_placement=\u00a0\u00bbmiddle\u00a0\u00bb bg_image=\u00a0\u00bb6264&Prime; bg_position=\u00a0\u00bbcenter center\u00a0\u00bb bg_repeat=\u00a0\u00bbno-repeat\u00a0\u00bb full_height=\u00a0\u00bbyes\u00a0\u00bb parallax_bg=\u00a0\u00bbtrue\u00a0\u00bb parallax_bg_speed=\u00a0\u00bbmedium\u00a0\u00bb bg_color=\u00a0\u00bb#000000&Prime; scene_position=\u00a0\u00bbcenter\u00a0\u00bb text_color=\u00a0\u00bblight\u00a0\u00bb text_align=\u00a0\u00bbleft\u00a0\u00bb top_padding=\u00a0\u00bb0%\u00a0\u00bb bottom_padding=\u00a0\u00bb8%\u00a0\u00bb color_overlay=\u00a0\u00bb#0a0a0a\u00a0\u00bb overlay_strength=\u00a0\u00bb0.5&Prime; shape_divider_position=\u00a0\u00bbbottom\u00a0\u00bb shape_type=\u00a0\u00bb\u00a0\u00bb][vc_column column_padding=\u00a0\u00bbno-extra-padding\u00a0\u00bb column_padding_position=\u00a0\u00bball\u00a0\u00bb background_color_opacity=\u00a0\u00bb1&Prime; background_hover_color_opacity=\u00a0\u00bb1&Prime; column_link_target=\u00a0\u00bb_self\u00a0\u00bb column_shadow=\u00a0\u00bbnone\u00a0\u00bb column_border_radius=\u00a0\u00bbnone\u00a0\u00bb width=\u00a0\u00bb1\/1&Prime;&#8230;<\/p>\n","protected":false},"author":1,"featured_media":0,"parent":0,"menu_order":0,"comment_status":"closed","ping_status":"closed","template":"template-no-header.php","meta":[],"_links":{"self":[{"href":"https:\/\/alexisreymond.com\/index.php\/wp-json\/wp\/v2\/pages\/5981"}],"collection":[{"href":"https:\/\/alexisreymond.com\/index.php\/wp-json\/wp\/v2\/pages"}],"about":[{"href":"https:\/\/alexisreymond.com\/index.php\/wp-json\/wp\/v2\/types\/page"}],"author":[{"embeddable":true,"href":"https:\/\/alexisreymond.com\/index.php\/wp-json\/wp\/v2\/users\/1"}],"replies":[{"embeddable":true,"href":"https:\/\/alexisreymond.com\/index.php\/wp-json\/wp\/v2\/comments?post=5981"}],"version-history":[{"count":56,"href":"https:\/\/alexisreymond.com\/index.php\/wp-json\/wp\/v2\/pages\/5981\/revisions"}],"predecessor-version":[{"id":6405,"href":"https:\/\/alexisreymond.com\/index.php\/wp-json\/wp\/v2\/pages\/5981\/revisions\/6405"}],"wp:attachment":[{"href":"https:\/\/alexisreymond.com\/index.php\/wp-json\/wp\/v2\/media?parent=5981"}],"curies":[{"name":"wp","href":"https:\/\/api.w.org\/{rel}","templated":true}]}}